{"id":13,"date":"2021-10-13T17:57:30","date_gmt":"2021-10-13T15:57:30","guid":{"rendered":"http:\/\/syndicat-salvi.fr\/?page_id=13"},"modified":"2025-10-10T22:28:09","modified_gmt":"2025-10-10T20:28:09","slug":"vos-elus","status":"publish","type":"page","link":"https:\/\/syndicat-salvi.fr\/index.php\/vos-elus\/","title":{"rendered":"Vos CSE (2024-2027)"},"content":{"rendered":"\n<h2 class=\"wp-block-heading\"><strong>CSE Ouest<\/strong><\/h2>\n\n\n\n<figure class=\"wp-block-table\"><table><tbody><tr><td><strong>Titulaires<\/strong><\/td><td><strong>Suppl\u00e9ants<\/strong><\/td><\/tr><tr><td>Joseph Dominguez<\/td><td>Dimitri Lamelli\u00e8re<\/td><\/tr><tr><td>Emmanuel Fazilleau<\/td><td>Laurent L\u00e9cuyer<\/td><\/tr><tr><td>Sylvain Gilliocq<\/td><td>Yann Marivain<\/td><\/tr><tr><td>Isabelle Henriques<\/td><td>Loic Tonnieau<\/td><\/tr><tr><td>Vincent Prioul<\/td><td><\/td><\/tr><tr><td>Antonio Lopes<\/td><td><\/td><\/tr><tr><td>Emilie Manier<\/td><td><\/td><\/tr><tr><td>Clotaire Paysant<\/td><td><\/td><\/tr><tr><td>Nadia Soumassi\u00e8re<\/td><td><\/td><\/tr><tr><td><strong>Repr\u00e9sentant syndical<\/strong><\/td><td><strong>D\u00e9l\u00e9gu\u00e9s syndicaux<\/strong><\/td><\/tr><tr><td>Romain Munoz<\/td><td>Nicolas Camguilhem<\/td><\/tr><tr><td><\/td><td>Emile Manier<\/td><\/tr><\/tbody><\/table><\/figure>\n\n\n\n<h2 class=\"wp-block-heading\"><strong>CSE Sud-Est<\/strong><\/h2>\n\n\n\n<figure class=\"wp-block-table\"><table><tbody><tr><td><strong>Titulaires<\/strong><\/td><td><strong>Suppl\u00e9ants<\/strong><\/td><\/tr><tr><td>Christophe Brassart<\/td><td>J\u00e9r\u00f4me Armand<\/td><\/tr><tr><td>Nicolas P\u00e9ric\u00e9<\/td><td>Graphey Bazale<\/td><\/tr><tr><td>Francisco De La Rosa<\/td><td>Florian Bienaim\u00e9<\/td><\/tr><tr><td>Fr\u00e9d\u00e9ric Di Cristo<\/td><td>Delphine Campidelli<\/td><\/tr><tr><td>Florence-Sarah Duval<\/td><td>Kevin Olivares<\/td><\/tr><tr><td>Patricia Montet<\/td><td><\/td><\/tr><tr><td>Nicolas Pessot<\/td><td><\/td><\/tr><tr><td>Carlos Pires<\/td><td><\/td><\/tr><tr><td>Pascal Przybyl<\/td><td><\/td><\/tr><tr><td><strong>Repr\u00e9sentant syndical<\/strong><\/td><td><strong>D\u00e9l\u00e9gu\u00e9s Syndicaux<\/strong><\/td><\/tr><tr><td>Fr\u00e9d\u00e9ric Montet<\/td><td>Khadija Cheikhi<\/td><\/tr><tr><td><\/td><td><\/td><\/tr><\/tbody><\/table><\/figure>\n\n\n\n<h2 class=\"wp-block-heading\"><strong>CSE Nord-IDF<\/strong><\/h2>\n\n\n\n<figure class=\"wp-block-table\"><table><tbody><tr><td><strong>Titulaires<\/strong><\/td><td><strong>Suppl\u00e9ants<\/strong><\/td><\/tr><tr><td>Didier Le Cornec<\/td><td>Fouaz Belaala<\/td><\/tr><tr><td><\/td><td>Mathilde Oliva<\/td><\/tr><tr><td><strong>Repr\u00e9sentant syndical<\/strong><\/td><td><strong>D\u00e9l\u00e9gu\u00e9s syndicaux<\/strong><\/td><\/tr><tr><td>Carlos Tavares<\/td><td>Fouaz Belaala<\/td><\/tr><tr><td><\/td><td>Andr\u00e9 Mangniers<\/td><\/tr><\/tbody><\/table><\/figure>\n\n\n\n<p><\/p>\n\n\n\n<h2 class=\"wp-block-heading\"><strong>CSE Si\u00e8ge<\/strong><\/h2>\n\n\n\n<figure class=\"wp-block-table\"><table><tbody><tr><td><strong>Titulaires<\/strong><\/td><td><strong>Suppl\u00e9ants<\/strong><\/td><\/tr><tr><td>Fr\u00e9d\u00e9ric Blassiaux<\/td><td>St\u00e9phane Nicoulaud<\/td><\/tr><tr><td>Nathalie Harlicot<\/td><td>Lilia Oukassi<\/td><\/tr><tr><td>Saleha Mahboub<\/td><td><\/td><\/tr><tr><td>Bob Spasenovic<\/td><td><\/td><\/tr><tr><td><strong>Repr\u00e9sentant syndical<\/strong><\/td><td><strong>D\u00e9l\u00e9gu\u00e9 syndical<\/strong><\/td><\/tr><tr><td>Pascal Adam<\/td><td>St\u00e9phane Nicoulaud<\/td><\/tr><\/tbody><\/table><\/figure>\n\n\n\n<p><\/p>\n","protected":false},"excerpt":{"rendered":"<p>CSE Ouest Titulaires Suppl\u00e9ants Joseph Dominguez Dimitri Lamelli\u00e8re Emmanuel Fazilleau Laurent L\u00e9cuyer Sylvain Gilliocq Yann Marivain Isabelle Henriques Loic Tonnieau Vincent Prioul Antonio Lopes Emilie Manier Clotaire Paysant Nadia Soumassi\u00e8re Repr\u00e9sentant syndical D\u00e9l\u00e9gu\u00e9s syndicaux Romain Munoz Nicolas Camguilhem Emile Manier<\/p>\n","protected":false},"author":1,"featured_media":0,"parent":0,"menu_order":2,"comment_status":"closed","ping_status":"closed","template":"","meta":{"footnotes":""},"class_list":["post-13","page","type-page","status-publish","hentry"],"post_mailing_queue_ids":[],"_links":{"self":[{"href":"https:\/\/syndicat-salvi.fr\/index.php\/wp-json\/wp\/v2\/pages\/13","targetHints":{"allow":["GET"]}}],"collection":[{"href":"https:\/\/syndicat-salvi.fr\/index.php\/wp-json\/wp\/v2\/pages"}],"about":[{"href":"https:\/\/syndicat-salvi.fr\/index.php\/wp-json\/wp\/v2\/types\/page"}],"author":[{"embeddable":true,"href":"https:\/\/syndicat-salvi.fr\/index.php\/wp-json\/wp\/v2\/users\/1"}],"replies":[{"embeddable":true,"href":"https:\/\/syndicat-salvi.fr\/index.php\/wp-json\/wp\/v2\/comments?post=13"}],"version-history":[{"count":20,"href":"https:\/\/syndicat-salvi.fr\/index.php\/wp-json\/wp\/v2\/pages\/13\/revisions"}],"predecessor-version":[{"id":3149,"href":"https:\/\/syndicat-salvi.fr\/index.php\/wp-json\/wp\/v2\/pages\/13\/revisions\/3149"}],"wp:attachment":[{"href":"https:\/\/syndicat-salvi.fr\/index.php\/wp-json\/wp\/v2\/media?parent=13"}],"curies":[{"name":"wp","href":"https:\/\/api.w.org\/{rel}","templated":true}]}}