{"id":23,"date":"2021-10-13T21:19:15","date_gmt":"2021-10-13T19:19:15","guid":{"rendered":"http:\/\/syndicat-salvi.fr\/?page_id=23"},"modified":"2022-12-06T11:29:19","modified_gmt":"2022-12-06T10:29:19","slug":"pourquoi-adherer","status":"publish","type":"page","link":"https:\/\/syndicat-salvi.fr\/index.php\/pourquoi-adherer\/","title":{"rendered":"Adh\u00e9rer"},"content":{"rendered":"\n<p class=\"has-text-align-center has-large-font-size\"><strong>Pourquoi adh\u00e9rer<\/strong> ?<\/p>\n\n\n\n<p class=\"has-text-align-center\">La richesse de FRAIKIN est faite de ses femmes et de ses hommes<\/p>\n\n\n\n<p class=\"has-text-align-center\">Seul, on va plus vite mais ensemble, on va plus loin<\/p>\n\n\n\n<p class=\"has-text-align-center\"><strong>Rejoignez-nous, nous avons besoin de vous pour avancer<\/strong><\/p>\n\n\n\n<p class=\"yellowLink\"><a href=\"https:\/\/syndicat-salvi.fr\/wp-content\/uploads\/2022\/12\/2023-UNSA-TRANSPORT-BA-SALVI.pdf\" target=\"_blank\" rel=\"noreferrer noopener\">Bulletin d&rsquo;Adh\u00e9sion<\/a><\/p>\n\n\n\n<p>Par ailleurs, la F\u00e9d\u00e9ration UNSA Transport \u00e0 laquelle l&rsquo;UNSA SALVI est membre offre un panel d&rsquo;avantages et de r\u00e9ductions chez de nombreux prestataires et enseignes auxquels tous les adh\u00e9rents ont acc\u00e8s. N&rsquo;h\u00e9sitez pas \u00e0 contacter vos D\u00e9l\u00e9gu\u00e9s pour plus d&rsquo;information.<\/p>\n\n\n\n<p class=\"yellowLink\"><a href=\"https:\/\/syndicat-salvi.fr\/wp-content\/uploads\/2022\/12\/2023-UNSA-TRANSPORT-PLAQUETTE-BENEFICES-SALVI.pdf\" target=\"_blank\" rel=\"noreferrer noopener\">Avantages adh\u00e9rents<\/a><\/p>\n\n\n\n<p>Merci de nous retourner <span style=\"text-decoration: underline;\">par mail<\/span> le bulletin d&rsquo;adh\u00e9sion compl\u00e9t\u00e9 avec votre autorisation de pr\u00e9l\u00e8vement au d\u00e9l\u00e9gu\u00e9 syndical de votre zone. Si vous souhaitez r\u00e9gler par ch\u00e8que, contactez-nous par mail, nous vous fournirons l&rsquo;adresse postale \u00e0 laquelle envoyer votre adh\u00e9sion.<\/p>\n\n\n\n<p><\/p>\n\n\n\n<p>Pour les salari\u00e9s n&rsquo;ayant <strong>pas opt\u00e9 pour la d\u00e9duction de leurs frais r\u00e9els<\/strong>, ainsi que pour les retrait\u00e9s, les cotisations syndicales ouvrent droit \u00e0 un cr\u00e9dit d\u2019imp\u00f4t de 66% du montant de la cotisation.<br>Le montant est \u00e0 inscrire case 7AC, 7AE ou 7AG de la d\u00e9claration 2042 RICI.<\/p>\n\n\n\n<p><\/p>\n\n\n\n<p><\/p>\n","protected":false},"excerpt":{"rendered":"<p>Pourquoi adh\u00e9rer ? La richesse de FRAIKIN est faite de ses femmes et de ses hommes Seul, on va plus vite mais ensemble, on va plus loin Rejoignez-nous, nous avons besoin de vous pour avancer Bulletin d&rsquo;Adh\u00e9sion Par ailleurs, la<\/p>\n","protected":false},"author":1,"featured_media":0,"parent":0,"menu_order":3,"comment_status":"closed","ping_status":"closed","template":"","meta":{"footnotes":""},"class_list":["post-23","page","type-page","status-publish","hentry"],"post_mailing_queue_ids":[],"_links":{"self":[{"href":"https:\/\/syndicat-salvi.fr\/index.php\/wp-json\/wp\/v2\/pages\/23","targetHints":{"allow":["GET"]}}],"collection":[{"href":"https:\/\/syndicat-salvi.fr\/index.php\/wp-json\/wp\/v2\/pages"}],"about":[{"href":"https:\/\/syndicat-salvi.fr\/index.php\/wp-json\/wp\/v2\/types\/page"}],"author":[{"embeddable":true,"href":"https:\/\/syndicat-salvi.fr\/index.php\/wp-json\/wp\/v2\/users\/1"}],"replies":[{"embeddable":true,"href":"https:\/\/syndicat-salvi.fr\/index.php\/wp-json\/wp\/v2\/comments?post=23"}],"version-history":[{"count":17,"href":"https:\/\/syndicat-salvi.fr\/index.php\/wp-json\/wp\/v2\/pages\/23\/revisions"}],"predecessor-version":[{"id":1298,"href":"https:\/\/syndicat-salvi.fr\/index.php\/wp-json\/wp\/v2\/pages\/23\/revisions\/1298"}],"wp:attachment":[{"href":"https:\/\/syndicat-salvi.fr\/index.php\/wp-json\/wp\/v2\/media?parent=23"}],"curies":[{"name":"wp","href":"https:\/\/api.w.org\/{rel}","templated":true}]}}