{"id":2573,"date":"2024-02-29T18:46:32","date_gmt":"2024-02-29T17:46:32","guid":{"rendered":"http:\/\/syndicat-salvi.fr\/?page_id=2573"},"modified":"2025-10-10T22:30:18","modified_gmt":"2025-10-10T20:30:18","slug":"cse-central-2024-2027","status":"publish","type":"page","link":"https:\/\/syndicat-salvi.fr\/index.php\/cse-central-2024-2027\/","title":{"rendered":"CSE Central (2024-2027)"},"content":{"rendered":"\n<figure class=\"wp-block-table\"><table class=\"has-fixed-layout\"><tbody><tr><td><strong>Titulaires<\/strong><\/td><td><strong>Suppl\u00e9ants<\/strong><\/td><\/tr><tr><td>Christophe Brassart (SES)<br><sub>&#8211; Formation<br>&#8211; Patrimoine<\/sub><\/td><td>Florian Bienaim\u00e9 (SES)<\/td><\/tr><tr><td>Nicolas P\u00e9ric\u00e9 (SES)<br><sub>&#8211; CSSCTC<br>&#8211; Egalit\u00e9 professionnelle<\/sub><\/td><td>Fr\u00e9d\u00e9ric Blassiaux (Si\u00e8ge)<br><sub>&#8211; Formation<br>&#8211; Economique et sociale<\/sub><\/td><\/tr><tr><td>Florence-Sarah Duval (SES)<\/td><td>Delphine Campidelli (SES)<br><sub>&#8211; Logement<br>&#8211; Egalit\u00e9 professionnelle<\/sub><\/td><\/tr><tr><td>Emmanuel Fazilleau (OUE)<br><sub>&#8211; CSSCTC<\/sub><\/td><td>Francisco De La Rosa (SES)<br><sub>&#8211; CSSCTC<br>&#8211; Egalit\u00e9 professionnelle<\/sub><\/td><\/tr><tr><td>Isabelle Henriqu\u00e8s (OUE)<br><sub>&#8211; CSSCTC (secr\u00e9taire)<br>&#8211; Logement<\/sub><\/td><td>Nathalie Harlicot (Si\u00e8ge)<br><sub>&#8211; Egalit\u00e9 professionnelle<br>&#8211; Economique et sociale<\/sub><\/td><\/tr><tr><td>Vincent Prioul (OUE)<\/td><td>Dimitri Lamelli\u00e8re (OUE)<\/td><\/tr><tr><td>Emilie Manier (OUE)<br><sub>&#8211; tr\u00e9sori\u00e8re<br>&#8211; Economique et sociale<br>&#8211; Patrimoine<\/sub><\/td><td>Laurent L\u00e9cuyer (OUE)<br><sub>&#8211; CSSCTC<br>&#8211; Formation<\/sub><\/td><\/tr><tr><td>Patricia Montet (SES)<br><sub>&#8211; secr\u00e9taire adjointe<br>&#8211; repr\u00e9sentante au conseil d&rsquo;administration<\/sub><\/td><td>Antonio Lop\u00e8s (OUE)<\/td><\/tr><tr><td>Carlos Pir\u00e8s (SES)<\/td><td><\/td><\/tr><tr><td>Nadia Soumassi\u00e8re (OUE)<br><sub>&#8211; Economique et sociale<br>&#8211; Patrimoine<\/sub><\/td><td><\/td><\/tr><\/tbody><\/table><\/figure>\n","protected":false},"excerpt":{"rendered":"<p>Titulaires Suppl\u00e9ants Christophe Brassart (SES)&#8211; Formation&#8211; Patrimoine Florian Bienaim\u00e9 (SES) Nicolas P\u00e9ric\u00e9 (SES)&#8211; CSSCTC&#8211; Egalit\u00e9 professionnelle Fr\u00e9d\u00e9ric Blassiaux (Si\u00e8ge)&#8211; Formation&#8211; Economique et sociale Florence-Sarah Duval (SES) Delphine Campidelli (SES)&#8211; Logement&#8211; Egalit\u00e9 professionnelle Emmanuel Fazilleau (OUE)&#8211; CSSCTC Francisco De La Rosa<\/p>\n","protected":false},"author":1,"featured_media":0,"parent":0,"menu_order":0,"comment_status":"closed","ping_status":"closed","template":"","meta":{"footnotes":""},"class_list":["post-2573","page","type-page","status-publish","hentry"],"post_mailing_queue_ids":[],"_links":{"self":[{"href":"https:\/\/syndicat-salvi.fr\/index.php\/wp-json\/wp\/v2\/pages\/2573","targetHints":{"allow":["GET"]}}],"collection":[{"href":"https:\/\/syndicat-salvi.fr\/index.php\/wp-json\/wp\/v2\/pages"}],"about":[{"href":"https:\/\/syndicat-salvi.fr\/index.php\/wp-json\/wp\/v2\/types\/page"}],"author":[{"embeddable":true,"href":"https:\/\/syndicat-salvi.fr\/index.php\/wp-json\/wp\/v2\/users\/1"}],"replies":[{"embeddable":true,"href":"https:\/\/syndicat-salvi.fr\/index.php\/wp-json\/wp\/v2\/comments?post=2573"}],"version-history":[{"count":8,"href":"https:\/\/syndicat-salvi.fr\/index.php\/wp-json\/wp\/v2\/pages\/2573\/revisions"}],"predecessor-version":[{"id":3152,"href":"https:\/\/syndicat-salvi.fr\/index.php\/wp-json\/wp\/v2\/pages\/2573\/revisions\/3152"}],"wp:attachment":[{"href":"https:\/\/syndicat-salvi.fr\/index.php\/wp-json\/wp\/v2\/media?parent=2573"}],"curies":[{"name":"wp","href":"https:\/\/api.w.org\/{rel}","templated":true}]}}